{"id":13,"date":"2014-05-16T12:54:12","date_gmt":"2014-05-16T11:54:12","guid":{"rendered":"http:\/\/www.theem.bl.ee\/WordPress\/?page_id=13"},"modified":"2017-01-18T16:41:31","modified_gmt":"2017-01-18T15:41:31","slug":"cv","status":"publish","type":"page","link":"https:\/\/www.theem.bl.ee\/WordPress\/cv\/","title":{"rendered":"CV"},"content":{"rendered":"<p><img decoding=\"async\" loading=\"lazy\" class=\"size-medium wp-image-284 aligncenter\" style=\"pointer-events: none; -webkit-border-radius: 300px; -moz-border-radius: 300px; -ms-border-radius: 300px; -o-border-radius: 300px; border-radius: 300px;\" title=\"Emmanuel\" src=\"http:\/\/graph.facebook.com\/v2.8\/1666479104\/picture?type=large\" alt=\"me_1\" width=\"200\" height=\"200\" \/><br \/>\n<!--\nhttp:\/\/www.theem.bl.ee\/WordPress\/wp-content\/uploads\/2014\/05\/me_1-300x300.jpg\n--><\/p>\n<p><strong>Largeur:<\/strong><\/p>\n<p>BIABIANY Emmanuel<\/p>\n<p>Etudiant en Doctorat Informatique<\/p>\n<ul>\n<li><a href=\"http:\/\/www.theem.bl.ee\/WordPress\/wp-content\/uploads\/2016\/11\/CV_Emmanuel-Biabiany.pdf\" target=\"_blank\">Plus de d\u00e9tails<\/a><\/li>\n<\/ul>\n<p>&#8212;<\/p>\n<p><strong>Profondeur:<\/strong><\/p>\n<p>Citation:<\/p>\n<p><em>\u00ab\u00a0Les connaissances que l&rsquo;on accumule tout au long de notre vie, ne sont rien d&rsquo;autre que de la culture g\u00e9n\u00e9rale. Ce que l&rsquo;on en fait d\u00e9fini notre\u00a0intellect..\u00a0\u00bb\u00a0<\/em><\/p>\n<p>Personnalit\u00e9:<\/p>\n<p><em>\u00ab\u00a0S\u00e9rieux, spontan\u00e9 et assez bon orateur..\u00a0\u00bb<\/em><\/p>\n<p>&nbsp;<\/p>\n","protected":false},"excerpt":{"rendered":"<p>Largeur: BIABIANY Emmanuel Etudiant en Doctorat Informatique Plus de d\u00e9tails &#8212; Profondeur: Citation: \u00ab\u00a0Les connaissances que l&rsquo;on accumule tout au long de notre vie, ne sont rien d&rsquo;autre que de&#8230; <span class=\"more-link\"><a href=\"https:\/\/www.theem.bl.ee\/WordPress\/cv\/\">Plus..<\/a><\/span><\/p>\n","protected":false},"author":1,"featured_media":0,"parent":0,"menu_order":0,"comment_status":"open","ping_status":"open","template":"","meta":[],"_links":{"self":[{"href":"https:\/\/www.theem.bl.ee\/WordPress\/wp-json\/wp\/v2\/pages\/13"}],"collection":[{"href":"https:\/\/www.theem.bl.ee\/WordPress\/wp-json\/wp\/v2\/pages"}],"about":[{"href":"https:\/\/www.theem.bl.ee\/WordPress\/wp-json\/wp\/v2\/types\/page"}],"author":[{"embeddable":true,"href":"https:\/\/www.theem.bl.ee\/WordPress\/wp-json\/wp\/v2\/users\/1"}],"replies":[{"embeddable":true,"href":"https:\/\/www.theem.bl.ee\/WordPress\/wp-json\/wp\/v2\/comments?post=13"}],"version-history":[{"count":42,"href":"https:\/\/www.theem.bl.ee\/WordPress\/wp-json\/wp\/v2\/pages\/13\/revisions"}],"predecessor-version":[{"id":458,"href":"https:\/\/www.theem.bl.ee\/WordPress\/wp-json\/wp\/v2\/pages\/13\/revisions\/458"}],"wp:attachment":[{"href":"https:\/\/www.theem.bl.ee\/WordPress\/wp-json\/wp\/v2\/media?parent=13"}],"curies":[{"name":"wp","href":"https:\/\/api.w.org\/{rel}","templated":true}]}}