{"id":192,"date":"2015-09-25T05:46:38","date_gmt":"2015-09-25T04:46:38","guid":{"rendered":"http:\/\/www.theem.bl.ee\/WordPress\/?page_id=192"},"modified":"2016-04-13T21:24:20","modified_gmt":"2016-04-13T20:24:20","slug":"psj_2015","status":"publish","type":"page","link":"https:\/\/www.theem.bl.ee\/WordPress\/psj_2015\/","title":{"rendered":"e-Sant\u00e9 Jeunes"},"content":{"rendered":"<div style=\"display: flex; flex-direction: colunm;\">\n<p><img decoding=\"async\" loading=\"lazy\" style=\"max-height: 200px; max-width: 200px;\" src=\"http:\/\/www.theem.bl.ee\/WordPress\/wp-content\/uploads\/2015\/09\/olo.png\" alt=\"olo\" width=\"200\" height=\"200\" \/><\/p>\n<div style=\"margin: 20px;\">\n<h3><b>Le e-Sant\u00e9 Jeunes<\/b><\/h3>\n<p>Cette application est disponible sur google play, pour la t\u00e9l\u00e9charger cliquez sur le lien ci-dessous.<\/p>\n<p><center><a title=\"Pass Sant\u00e9 Jeune\" href=\"http:\/\/play.google.com\/store\/apps\/details?id=com.mfg.psj\" target=\"_blank\">&#8211; e-SJ &#8211;<\/a><\/center><\/div>\n<\/div>\n<div style=\"margin-left: 200px;\">\n<h3><b>Affiche<\/b><\/h3>\n<p><center><a href=\"http:\/\/www.theem.bl.ee\/WordPress\/wp-content\/uploads\/2015\/11\/Affiche_app_v2.png\"><img decoding=\"async\" loading=\"lazy\" class=\"alignnone size-medium wp-image-242\" src=\"http:\/\/www.theem.bl.ee\/WordPress\/wp-content\/uploads\/2016\/04\/Affiche_app_v2.png\" alt=\"Affiche_app_v2\" width=\"212\" height=\"300\" \/><\/a><\/center><\/p>\n<h3><b>Capture d&rsquo;\u00e9crans<\/b><\/h3>\n<p>&nbsp;<\/p>\n<div style=\"display: flex; flex-direction: colunm;\"><a href=\"http:\/\/www.theem.bl.ee\/WordPress\/wp-content\/uploads\/2015\/09\/1_ss_acc.png\"><img decoding=\"async\" loading=\"lazy\" class=\"alignnone size-medium wp-image-211\" src=\"http:\/\/www.theem.bl.ee\/WordPress\/wp-content\/uploads\/2015\/09\/1_ss_acc-190x300.png\" alt=\"1_ss_acc\" width=\"190\" height=\"300\" srcset=\"https:\/\/www.theem.bl.ee\/WordPress\/wp-content\/uploads\/2015\/09\/1_ss_acc-190x300.png 190w, https:\/\/www.theem.bl.ee\/WordPress\/wp-content\/uploads\/2015\/09\/1_ss_acc-649x1024.png 649w, https:\/\/www.theem.bl.ee\/WordPress\/wp-content\/uploads\/2015\/09\/1_ss_acc.png 945w\" sizes=\"(max-width: 190px) 100vw, 190px\" \/><\/a><br \/>\n<a href=\"http:\/\/www.theem.bl.ee\/WordPress\/wp-content\/uploads\/2015\/09\/2_ss_actu.png\"><img decoding=\"async\" loading=\"lazy\" class=\"alignnone size-medium wp-image-204\" src=\"http:\/\/www.theem.bl.ee\/WordPress\/wp-content\/uploads\/2015\/09\/2_ss_actu-190x300.png\" alt=\"2_ss_actu\" width=\"190\" height=\"300\" srcset=\"https:\/\/www.theem.bl.ee\/WordPress\/wp-content\/uploads\/2015\/09\/2_ss_actu-190x300.png 190w, https:\/\/www.theem.bl.ee\/WordPress\/wp-content\/uploads\/2015\/09\/2_ss_actu-649x1024.png 649w, https:\/\/www.theem.bl.ee\/WordPress\/wp-content\/uploads\/2015\/09\/2_ss_actu.png 945w\" sizes=\"(max-width: 190px) 100vw, 190px\" \/><\/a><br \/>\n<a href=\"http:\/\/www.theem.bl.ee\/WordPress\/wp-content\/uploads\/2015\/09\/2_ss_nav.png\"><img decoding=\"async\" loading=\"lazy\" class=\"alignnone size-medium wp-image-205\" src=\"http:\/\/www.theem.bl.ee\/WordPress\/wp-content\/uploads\/2015\/09\/2_ss_nav-190x300.png\" alt=\"2_ss_nav\" width=\"190\" height=\"300\" srcset=\"https:\/\/www.theem.bl.ee\/WordPress\/wp-content\/uploads\/2015\/09\/2_ss_nav-190x300.png 190w, https:\/\/www.theem.bl.ee\/WordPress\/wp-content\/uploads\/2015\/09\/2_ss_nav-649x1024.png 649w, https:\/\/www.theem.bl.ee\/WordPress\/wp-content\/uploads\/2015\/09\/2_ss_nav.png 945w\" sizes=\"(max-width: 190px) 100vw, 190px\" \/><\/a><br \/>\n<a href=\"http:\/\/www.theem.bl.ee\/WordPress\/wp-content\/uploads\/2015\/09\/ss_th_st.png\"><img decoding=\"async\" loading=\"lazy\" class=\"alignnone size-medium wp-image-168\" src=\"http:\/\/www.theem.bl.ee\/WordPress\/wp-content\/uploads\/2015\/09\/ss_th_st-190x300.png\" alt=\"ss_th_st\" width=\"190\" height=\"300\" srcset=\"https:\/\/www.theem.bl.ee\/WordPress\/wp-content\/uploads\/2015\/09\/ss_th_st-190x300.png 190w, https:\/\/www.theem.bl.ee\/WordPress\/wp-content\/uploads\/2015\/09\/ss_th_st-649x1024.png 649w, https:\/\/www.theem.bl.ee\/WordPress\/wp-content\/uploads\/2015\/09\/ss_th_st.png 945w\" sizes=\"(max-width: 190px) 100vw, 190px\" \/><\/a><\/div>\n<div style=\"display: flex; flex-direction: colunm;\"><a href=\"http:\/\/www.theem.bl.ee\/WordPress\/wp-content\/uploads\/2015\/09\/5-1_ss_th_act_phy.png\"><img decoding=\"async\" loading=\"lazy\" class=\"alignnone size-medium wp-image-206\" src=\"http:\/\/www.theem.bl.ee\/WordPress\/wp-content\/uploads\/2015\/09\/5-1_ss_th_act_phy-190x300.png\" alt=\"5-1_ss_th_act_phy\" width=\"190\" height=\"300\" srcset=\"https:\/\/www.theem.bl.ee\/WordPress\/wp-content\/uploads\/2015\/09\/5-1_ss_th_act_phy-190x300.png 190w, https:\/\/www.theem.bl.ee\/WordPress\/wp-content\/uploads\/2015\/09\/5-1_ss_th_act_phy-649x1024.png 649w, https:\/\/www.theem.bl.ee\/WordPress\/wp-content\/uploads\/2015\/09\/5-1_ss_th_act_phy.png 945w\" sizes=\"(max-width: 190px) 100vw, 190px\" \/><\/a><br \/>\n<a href=\"http:\/\/www.theem.bl.ee\/WordPress\/wp-content\/uploads\/2015\/09\/6_ss_imc1.png\"><img decoding=\"async\" loading=\"lazy\" class=\"alignnone size-medium wp-image-213\" src=\"http:\/\/www.theem.bl.ee\/WordPress\/wp-content\/uploads\/2015\/09\/6_ss_imc1-190x300.png\" alt=\"6_ss_imc1\" width=\"190\" height=\"300\" srcset=\"https:\/\/www.theem.bl.ee\/WordPress\/wp-content\/uploads\/2015\/09\/6_ss_imc1-190x300.png 190w, https:\/\/www.theem.bl.ee\/WordPress\/wp-content\/uploads\/2015\/09\/6_ss_imc1-649x1024.png 649w, https:\/\/www.theem.bl.ee\/WordPress\/wp-content\/uploads\/2015\/09\/6_ss_imc1.png 945w\" sizes=\"(max-width: 190px) 100vw, 190px\" \/><\/a><br \/>\n<a href=\"http:\/\/www.theem.bl.ee\/WordPress\/wp-content\/uploads\/2015\/09\/7_ss_faq.png\"><img decoding=\"async\" loading=\"lazy\" class=\"alignnone size-medium wp-image-207\" src=\"http:\/\/www.theem.bl.ee\/WordPress\/wp-content\/uploads\/2015\/09\/7_ss_faq-190x300.png\" alt=\"7_ss_faq\" width=\"190\" height=\"300\" srcset=\"https:\/\/www.theem.bl.ee\/WordPress\/wp-content\/uploads\/2015\/09\/7_ss_faq-190x300.png 190w, https:\/\/www.theem.bl.ee\/WordPress\/wp-content\/uploads\/2015\/09\/7_ss_faq-649x1024.png 649w, https:\/\/www.theem.bl.ee\/WordPress\/wp-content\/uploads\/2015\/09\/7_ss_faq.png 945w\" sizes=\"(max-width: 190px) 100vw, 190px\" \/><\/a><br \/>\n<a href=\"http:\/\/www.theem.bl.ee\/WordPress\/wp-content\/uploads\/2015\/09\/8_ss_anu.png\"><img decoding=\"async\" loading=\"lazy\" class=\"alignnone size-medium wp-image-217\" src=\"http:\/\/www.theem.bl.ee\/WordPress\/wp-content\/uploads\/2015\/09\/8_ss_anu-190x300.png\" alt=\"8_ss_anu\" width=\"190\" height=\"300\" srcset=\"https:\/\/www.theem.bl.ee\/WordPress\/wp-content\/uploads\/2015\/09\/8_ss_anu-190x300.png 190w, https:\/\/www.theem.bl.ee\/WordPress\/wp-content\/uploads\/2015\/09\/8_ss_anu-649x1024.png 649w, https:\/\/www.theem.bl.ee\/WordPress\/wp-content\/uploads\/2015\/09\/8_ss_anu.png 945w\" sizes=\"(max-width: 190px) 100vw, 190px\" \/><\/a><\/div>\n<\/div>\n","protected":false},"excerpt":{"rendered":"<p>Le e-Sant\u00e9 Jeunes Cette application est disponible sur google play, pour la t\u00e9l\u00e9charger cliquez sur le lien ci-dessous. &#8211; e-SJ &#8211; Affiche Capture d&rsquo;\u00e9crans &nbsp;<\/p>\n","protected":false},"author":1,"featured_media":255,"parent":0,"menu_order":3,"comment_status":"closed","ping_status":"closed","template":"","meta":[],"_links":{"self":[{"href":"https:\/\/www.theem.bl.ee\/WordPress\/wp-json\/wp\/v2\/pages\/192"}],"collection":[{"href":"https:\/\/www.theem.bl.ee\/WordPress\/wp-json\/wp\/v2\/pages"}],"about":[{"href":"https:\/\/www.theem.bl.ee\/WordPress\/wp-json\/wp\/v2\/types\/page"}],"author":[{"embeddable":true,"href":"https:\/\/www.theem.bl.ee\/WordPress\/wp-json\/wp\/v2\/users\/1"}],"replies":[{"embeddable":true,"href":"https:\/\/www.theem.bl.ee\/WordPress\/wp-json\/wp\/v2\/comments?post=192"}],"version-history":[{"count":36,"href":"https:\/\/www.theem.bl.ee\/WordPress\/wp-json\/wp\/v2\/pages\/192\/revisions"}],"predecessor-version":[{"id":307,"href":"https:\/\/www.theem.bl.ee\/WordPress\/wp-json\/wp\/v2\/pages\/192\/revisions\/307"}],"wp:featuredmedia":[{"embeddable":true,"href":"https:\/\/www.theem.bl.ee\/WordPress\/wp-json\/wp\/v2\/media\/255"}],"wp:attachment":[{"href":"https:\/\/www.theem.bl.ee\/WordPress\/wp-json\/wp\/v2\/media?parent=192"}],"curies":[{"name":"wp","href":"https:\/\/api.w.org\/{rel}","templated":true}]}}