{"id":2,"date":"2014-05-09T13:37:05","date_gmt":"2014-05-09T13:37:05","guid":{"rendered":"http:\/\/www.theem.bl.ee\/WordPress\/?page_id=2"},"modified":"2017-01-17T20:15:50","modified_gmt":"2017-01-17T19:15:50","slug":"portfolio","status":"publish","type":"page","link":"https:\/\/www.theem.bl.ee\/WordPress\/portfolio\/","title":{"rendered":"Portfolio"},"content":{"rendered":"<p>&nbsp;<\/p>\n<p>Ici j&rsquo;ai fais le listing de quelques projets que j&rsquo;ai pu r\u00e9alis\u00e9 au cours de ces derni\u00e8res ann\u00e9es&#8230;<\/p>\n<p>&nbsp;<\/p>\n<p><strong>Projet Java:\u00a0<\/strong><\/p>\n<p>L&rsquo;interface client d&rsquo;un tchat en Client-Serveur multithread avec sockets, que j&rsquo;ai baptis\u00e9 TAL qui vient de \u00ab\u00a0Talk A Lot\u00a0\u00bb, ce qui veut dire en fran\u00e7ais \u00ab\u00a0parler beaucoup\u00a0\u00bb (en cours de dev..).<\/p>\n<p>&nbsp;<\/p>\n<table align=\"center\">\n<tbody>\n<tr>\n<td colspan=\"3\"><a href=\"http:\/\/www.theem.bl.ee\/WordPress\/wp-content\/uploads\/2014\/05\/auth.jpg\"><img decoding=\"async\" loading=\"lazy\" class=\"size-medium wp-image-105 aligncenter\" src=\"http:\/\/www.theem.bl.ee\/WordPress\/wp-content\/uploads\/2014\/05\/auth-300x199.jpg\" alt=\"auth\" width=\"400\" height=\"300\" \/><\/a><\/td>\n<\/tr>\n<tr>\n<td><a href=\"http:\/\/www.theem.bl.ee\/WordPress\/wp-content\/uploads\/2014\/05\/ins.jpg\"><img decoding=\"async\" loading=\"lazy\" class=\"size-medium wp-image-107 aligncenter\" src=\"http:\/\/www.theem.bl.ee\/WordPress\/wp-content\/uploads\/2014\/05\/ins-300x200.jpg\" alt=\"ins\" width=\"400\" height=\"300\" \/><\/a><\/td>\n<td><a href=\"http:\/\/www.theem.bl.ee\/WordPress\/wp-content\/uploads\/2014\/05\/converse.jpg\"><img decoding=\"async\" loading=\"lazy\" class=\"wp-image-106 size-medium aligncenter\" src=\"http:\/\/www.theem.bl.ee\/WordPress\/wp-content\/uploads\/2014\/05\/converse-300x200.jpg\" alt=\"\" width=\"400\" height=\"300\" \/><\/a><\/td>\n<\/tr>\n<\/tbody>\n<\/table>\n<p><center>&#8211; <a title=\"Talk A Lot Messanger\" href=\"http:\/\/www.theem.bl.ee\/WordPress\/wp-content\/uploads\/2014\/05\/Rapport-de-Conception.pdf\" target=\"_blank\">Talk.A.Lot<\/a> &#8211;<\/center>&nbsp;<\/p>\n<p>Une interface d&rsquo;inscription et de connexion pour l&rsquo;ex universit\u00e9 des Antilles et de la Guyane.<\/p>\n<table align=\"center\">\n<tbody>\n<tr>\n<td><a href=\"http:\/\/www.theem.bl.ee\/WordPress\/wp-content\/uploads\/2014\/05\/U1.jpg\"><img decoding=\"async\" loading=\"lazy\" class=\"size-medium wp-image-65 aligncenter\" src=\"http:\/\/www.theem.bl.ee\/WordPress\/wp-content\/uploads\/2014\/05\/U1-298x300.jpg\" alt=\"U1\" width=\"298\" height=\"300\" srcset=\"https:\/\/www.theem.bl.ee\/WordPress\/wp-content\/uploads\/2014\/05\/U1-298x300.jpg 298w, https:\/\/www.theem.bl.ee\/WordPress\/wp-content\/uploads\/2014\/05\/U1-150x150.jpg 150w, https:\/\/www.theem.bl.ee\/WordPress\/wp-content\/uploads\/2014\/05\/U1.jpg 494w\" sizes=\"(max-width: 298px) 100vw, 298px\" \/><\/a><\/td>\n<td><a href=\"http:\/\/www.theem.bl.ee\/WordPress\/wp-content\/uploads\/2014\/05\/U2.jpg\"><img decoding=\"async\" loading=\"lazy\" class=\"size-medium wp-image-66 aligncenter\" src=\"http:\/\/www.theem.bl.ee\/WordPress\/wp-content\/uploads\/2014\/05\/U2-300x300.jpg\" alt=\"U2\" width=\"300\" height=\"300\" srcset=\"https:\/\/www.theem.bl.ee\/WordPress\/wp-content\/uploads\/2014\/05\/U2-300x300.jpg 300w, https:\/\/www.theem.bl.ee\/WordPress\/wp-content\/uploads\/2014\/05\/U2-150x150.jpg 150w, https:\/\/www.theem.bl.ee\/WordPress\/wp-content\/uploads\/2014\/05\/U2.jpg 494w\" sizes=\"(max-width: 300px) 100vw, 300px\" \/><\/a><\/td>\n<td><a href=\"http:\/\/www.theem.bl.ee\/WordPress\/wp-content\/uploads\/2014\/05\/U3.jpg\"><img decoding=\"async\" loading=\"lazy\" class=\"size-medium wp-image-67 aligncenter\" src=\"http:\/\/www.theem.bl.ee\/WordPress\/wp-content\/uploads\/2014\/05\/U3-300x300.jpg\" alt=\"U3\" width=\"300\" height=\"300\" srcset=\"https:\/\/www.theem.bl.ee\/WordPress\/wp-content\/uploads\/2014\/05\/U3-300x300.jpg 300w, https:\/\/www.theem.bl.ee\/WordPress\/wp-content\/uploads\/2014\/05\/U3-150x150.jpg 150w, https:\/\/www.theem.bl.ee\/WordPress\/wp-content\/uploads\/2014\/05\/U3.jpg 494w\" sizes=\"(max-width: 300px) 100vw, 300px\" \/><\/a><\/td>\n<\/tr>\n<\/tbody>\n<\/table>\n<p><center>&#8211; <a title=\"UnivApps\" href=\"http:\/\/www.theem.bl.ee\/WordPress\/wp-content\/uploads\/2014\/05\/UnivApps.zip\">UnivApps<\/a> &#8211;<\/center>&nbsp;<\/p>\n<p><strong>Projet Andoid:<\/strong><\/p>\n<p>Une application smartphone destin\u00e9e aux \u00e9tudiants afin de leur permettre de d&rsquo;acc\u00e9der aux informations essentielles au sein de leur universit\u00e9.<br \/>\nJe l&rsquo;ai r\u00e9alis\u00e9 enti\u00e8rement pour le compte de la DOSIP du campus de Fouilliole en Guadeloupe.<\/p>\n<p>&nbsp;<\/p>\n<table align=\"center\">\n<tbody>\n<tr>\n<td><a href=\"http:\/\/www.theem.bl.ee\/WordPress\/wp-content\/uploads\/2014\/05\/cap2.jpg\"><img decoding=\"async\" loading=\"lazy\" class=\"size-medium wp-image-59 aligncenter\" src=\"http:\/\/www.theem.bl.ee\/WordPress\/wp-content\/uploads\/2014\/05\/cap2-200x300.jpg\" alt=\"cap2\" width=\"200\" height=\"300\" srcset=\"https:\/\/www.theem.bl.ee\/WordPress\/wp-content\/uploads\/2014\/05\/cap2-200x300.jpg 200w, https:\/\/www.theem.bl.ee\/WordPress\/wp-content\/uploads\/2014\/05\/cap2.jpg 320w\" sizes=\"(max-width: 200px) 100vw, 200px\" \/><\/a><\/td>\n<td><a href=\"http:\/\/www.theem.bl.ee\/WordPress\/wp-content\/uploads\/2014\/05\/cap1.jpg\"><img decoding=\"async\" loading=\"lazy\" class=\"size-medium wp-image-58 aligncenter\" src=\"http:\/\/www.theem.bl.ee\/WordPress\/wp-content\/uploads\/2014\/05\/cap1-200x300.jpg\" alt=\"cap1\" width=\"200\" height=\"300\" srcset=\"https:\/\/www.theem.bl.ee\/WordPress\/wp-content\/uploads\/2014\/05\/cap1-200x300.jpg 200w, https:\/\/www.theem.bl.ee\/WordPress\/wp-content\/uploads\/2014\/05\/cap1.jpg 320w\" sizes=\"(max-width: 200px) 100vw, 200px\" \/><\/a><\/td>\n<td><a href=\"http:\/\/www.theem.bl.ee\/WordPress\/wp-content\/uploads\/2014\/05\/cap3.jpg\"><img decoding=\"async\" loading=\"lazy\" class=\"size-medium wp-image-60 aligncenter\" src=\"http:\/\/www.theem.bl.ee\/WordPress\/wp-content\/uploads\/2014\/05\/cap3-200x300.jpg\" alt=\"cap3\" width=\"200\" height=\"300\" srcset=\"https:\/\/www.theem.bl.ee\/WordPress\/wp-content\/uploads\/2014\/05\/cap3-200x300.jpg 200w, https:\/\/www.theem.bl.ee\/WordPress\/wp-content\/uploads\/2014\/05\/cap3.jpg 320w\" sizes=\"(max-width: 200px) 100vw, 200px\" \/><\/a><\/td>\n<\/tr>\n<\/tbody>\n<\/table>\n<p><center>&#8211; <a title=\"Guide Universitaire\" href=\"https:\/\/play.google.com\/store\/apps\/details?id=com.bedosip.univapps\" target=\"_blank\">UAG Guide de l&rsquo;\u00e9tudiant<\/a> &#8211;<\/center>&nbsp;<\/p>\n<p>Encore une application smartphone destin\u00e9e aux \u00e9tudiants mais cette fois-ci pour leur parler de leur sant\u00e9.<br \/>\nElle a \u00e9t\u00e9 r\u00e9aliser en collaboration avec la Mutualit\u00e9 Fran\u00e7aise Guadeloupe et l&rsquo;Agence R\u00e9gional de Sant\u00e9. Elle dispose de mon premier pack d&rsquo;ic\u00f4nes que j&rsquo;ai cr\u00e9er pour l&rsquo;occasion.<br \/>\nElle est disponible sur Google play.<\/p>\n<p>&nbsp;<\/p>\n<table align=\"center\">\n<tbody>\n<tr>\n<td><a href=\"http:\/\/www.theem.bl.ee\/WordPress\/wp-content\/uploads\/2015\/09\/7_ss_faq.png\"><img decoding=\"async\" loading=\"lazy\" class=\"size-medium wp-image-59 aligncenter\" src=\"http:\/\/www.theem.bl.ee\/WordPress\/wp-content\/uploads\/2015\/09\/7_ss_faq.png\" alt=\"cap2\" width=\"200\" height=\"300\" \/><\/a><\/td>\n<td><a href=\"http:\/\/www.theem.bl.ee\/WordPress\/wp-content\/uploads\/2015\/09\/5-1_ss_th_act_phy.png\"><img decoding=\"async\" loading=\"lazy\" class=\"size-medium wp-image-58 aligncenter\" src=\"http:\/\/www.theem.bl.ee\/WordPress\/wp-content\/uploads\/2015\/09\/5-1_ss_th_act_phy.png\" alt=\"cap1\" width=\"200\" height=\"300\" \/><\/a><\/td>\n<td><a href=\"http:\/\/www.theem.bl.ee\/WordPress\/wp-content\/uploads\/2015\/09\/ss_th_st.png\"><img decoding=\"async\" loading=\"lazy\" class=\"size-medium wp-image-60 aligncenter\" src=\"http:\/\/www.theem.bl.ee\/WordPress\/wp-content\/uploads\/2015\/09\/ss_th_st.png\" alt=\"cap3\" width=\"200\" height=\"300\" \/><\/a><\/td>\n<\/tr>\n<\/tbody>\n<\/table>\n<p><center><a title=\"Pass Sant\u00e9 Jeune\" target=\"_blank\" href=\"\/WordPress\/psj_2015\/\">&#8211; Pass Sant\u00e9 Jeune &#8211;<\/a><\/center>&nbsp;<\/p>\n<p><strong>Projet Site Web:<\/strong><\/p>\n<p>Ce site a \u00e9t\u00e9 r\u00e9alis\u00e9 dans le cadre d&rsquo;un projet collaboratif entre d\u00e9veloppeurs par SAFAEM Developers, un groupe constitu\u00e9 de <a title=\"Site vitrine\" href=\"http:\/\/smoeljor2.olympe.in\/\">Sandora Moeljoredjo<\/a>, <a title=\"Site vitrine\" href=\"http:\/\/www.la-salsa-cubaine.com\/\">Fabian Cisneros Bridon<\/a> et moi m\u00eame.<br \/>\n<a title=\"Travel SAFAEM\"><img decoding=\"async\" loading=\"lazy\" class=\"size-medium wp-image-73 aligncenter\" src=\"http:\/\/www.theem.bl.ee\/WordPress\/wp-content\/uploads\/2014\/05\/Travel-SAFAEM-300x128.png\" alt=\"Travel-SAFAEM\" width=\"300\" height=\"128\" srcset=\"https:\/\/www.theem.bl.ee\/WordPress\/wp-content\/uploads\/2014\/05\/Travel-SAFAEM-300x128.png 300w, https:\/\/www.theem.bl.ee\/WordPress\/wp-content\/uploads\/2014\/05\/Travel-SAFAEM.png 705w\" sizes=\"(max-width: 300px) 100vw, 300px\" \/><\/a><\/p>\n<p><center>&#8211; <a title=\"Travel SAFAEM International\" href=\"http:\/\/la-salsa-cubaine.com\/presta\/index.php?\" target=\"_blank\">Travel SAFAEM<\/a> &#8211;<\/center>&nbsp;<\/p>\n<p>Celui-ci a \u00e9t\u00e9 r\u00e9alis\u00e9 dans le cadre d&rsquo;un projet site de restos fast food avec <a title=\"Site vitrine\" href=\"http:\/\/www.la-salsa-cubaine.com\/\">Fabian Cisneros Bridon<\/a>.<br \/>\n<a title=\"Paladar\"><img decoding=\"async\" loading=\"lazy\" class=\"size-medium wp-image-73 aligncenter\" src=\"http:\/\/www.theem.bl.ee\/WordPress\/wp-content\/uploads\/2015\/09\/P_dyn.png\" alt=\"Paladar\" width=\"150\" height=\"150\" \/><\/a><\/p>\n<p><center>&#8211; <a title=\"Paladar International\" href=\"http:\/\/paladar.pe.hu\" target=\"_blank\">Paladar<\/a> &#8211;<\/center>&nbsp;<\/p>\n<p><strong>Projet de Stage L3 avec Matlab:<\/strong><\/p>\n<p>Un package d&rsquo;algorithme permettant d&rsquo;analyser un plan de mod\u00e9lisation papier num\u00e9ris\u00e9e d&rsquo;une coque d&rsquo;un bateau, vectoriser ce plan, et g\u00e9n\u00e9rer un un mod\u00e8le 3 dimensions de la coque en question.<br \/>\nCe projet a \u00e9t\u00e9 r\u00e9alis\u00e9 au Laboratoire LAMIA de l&rsquo;UAG avec la participation de Mr Lionel Pr\u00e9vost et Mr Jacques Lamine.<\/p>\n<table align=\"center\">\n<tbody>\n<tr>\n<td colspan=\"3\"><a href=\"http:\/\/www.theem.bl.ee\/WordPress\/wp-content\/uploads\/2015\/02\/Legh-vf-bin.png\"><img decoding=\"async\" loading=\"lazy\" class=\"size-medium wp-image-105 aligncenter\" src=\"http:\/\/www.theem.bl.ee\/WordPress\/wp-content\/uploads\/2015\/02\/Legh-vf-bin.png\" alt=\"m1\" width=\"400\" height=\"300\" \/><\/a><\/td>\n<\/tr>\n<tr>\n<td><a href=\"http:\/\/www.theem.bl.ee\/WordPress\/wp-content\/uploads\/2015\/02\/plot3.png\"><img decoding=\"async\" loading=\"lazy\" class=\"size-medium wp-image-107 aligncenter\" src=\"http:\/\/www.theem.bl.ee\/WordPress\/wp-content\/uploads\/2015\/02\/plot3.png\" alt=\"m2\" width=\"400\" height=\"300\" \/><\/a><\/td>\n<td><a href=\"http:\/\/www.theem.bl.ee\/WordPress\/wp-content\/uploads\/2015\/02\/Front.png\"><img decoding=\"async\" loading=\"lazy\" class=\"wp-image-106 size-medium aligncenter\" src=\"http:\/\/www.theem.bl.ee\/WordPress\/wp-content\/uploads\/2015\/02\/Front.png\" alt=\"m3\" width=\"400\" height=\"300\" \/><\/a><\/td>\n<\/tr>\n<\/tbody>\n<\/table>\n<p><center>&#8211; <a title=\"Rapport de stage\" href=\"http:\/\/www.theem.bl.ee\/WordPress\/wp-content\/uploads\/2015\/02\/RapportStage.pdf\" target=\"_blank\">Rapport de Stage<\/a> &#8211;<\/center>&nbsp;<\/p>\n<p><strong>Projet Graphisme:<\/strong><\/p>\n<p><center><br \/>\n<iframe loading=\"lazy\" width=\"1280\" height=\"720\" src=\"https:\/\/www.youtube.com\/embed\/Z4r76H5wTNE\" frameborder=\"0\" allowfullscreen><\/iframe><\/p>\n<p><iframe loading=\"lazy\" width=\"1280\" height=\"720\" src=\"https:\/\/www.youtube.com\/embed\/2VCEgrUuUq0\" frameborder=\"0\" allowfullscreen><\/iframe><\/center><\/p>\n<p><!--<strong>Projet Montage Video:<\/strong>\n\n<center>\n<iframe loading=\"lazy\" width=\"1280\" height=\"720\" src=\"https:\/\/www.youtube.com\/embed\/RE5jbsyKbDs\" frameborder=\"0\" allowfullscreen><\/iframe><\/center>--><\/p>\n","protected":false},"excerpt":{"rendered":"<p>&nbsp; Ici j&rsquo;ai fais le listing de quelques projets que j&rsquo;ai pu r\u00e9alis\u00e9 au cours de ces derni\u00e8res ann\u00e9es&#8230; &nbsp; Projet Java:\u00a0 L&rsquo;interface client d&rsquo;un tchat en Client-Serveur multithread avec&#8230; <span class=\"more-link\"><a href=\"https:\/\/www.theem.bl.ee\/WordPress\/portfolio\/\">Plus..<\/a><\/span><\/p>\n","protected":false},"author":1,"featured_media":0,"parent":0,"menu_order":0,"comment_status":"open","ping_status":"open","template":"","meta":[],"_links":{"self":[{"href":"https:\/\/www.theem.bl.ee\/WordPress\/wp-json\/wp\/v2\/pages\/2"}],"collection":[{"href":"https:\/\/www.theem.bl.ee\/WordPress\/wp-json\/wp\/v2\/pages"}],"about":[{"href":"https:\/\/www.theem.bl.ee\/WordPress\/wp-json\/wp\/v2\/types\/page"}],"author":[{"embeddable":true,"href":"https:\/\/www.theem.bl.ee\/WordPress\/wp-json\/wp\/v2\/users\/1"}],"replies":[{"embeddable":true,"href":"https:\/\/www.theem.bl.ee\/WordPress\/wp-json\/wp\/v2\/comments?post=2"}],"version-history":[{"count":98,"href":"https:\/\/www.theem.bl.ee\/WordPress\/wp-json\/wp\/v2\/pages\/2\/revisions"}],"predecessor-version":[{"id":457,"href":"https:\/\/www.theem.bl.ee\/WordPress\/wp-json\/wp\/v2\/pages\/2\/revisions\/457"}],"wp:attachment":[{"href":"https:\/\/www.theem.bl.ee\/WordPress\/wp-json\/wp\/v2\/media?parent=2"}],"curies":[{"name":"wp","href":"https:\/\/api.w.org\/{rel}","templated":true}]}}